{"id":22,"date":"2017-03-02T14:01:34","date_gmt":"2017-03-02T12:01:34","guid":{"rendered":"http:\/\/pulmaario.luma.fi\/sv\/?page_id=22"},"modified":"2021-01-20T12:21:54","modified_gmt":"2021-01-20T10:21:54","slug":"programmering-2","status":"publish","type":"page","link":"https:\/\/pulmaario.luma.fi\/sv\/programmering-2\/","title":{"rendered":"Programmering"},"content":{"rendered":"<h2>SCRATCH-MODELLSPELEN FR\u00c5N HANDLEDARGUIDE<\/h2>\n<p><strong>Verkstad 1: Juveltjuv<\/strong><\/p>\n<ul>\n<li><a href=\"https:\/\/scratch.mit.edu\/projects\/129967964\/\" target=\"_blank\" rel=\"noopener noreferrer\">Fallet med rubinen<\/a><\/li>\n<\/ul>\n<p><strong>Verkstad 2: Havs\u00e4ventyret<\/strong><\/p>\n<ul>\n<li><a href=\"https:\/\/scratch.mit.edu\/projects\/127660450\/\" target=\"_blank\" rel=\"noopener noreferrer\">Havsinsamlingen<\/a><\/li>\n<\/ul>\n<p><strong>Verkstad 3: Astronomerna<\/strong><\/p>\n<ul>\n<li><a href=\"https:\/\/scratch.mit.edu\/projects\/129969267\/\" target=\"_blank\" rel=\"noopener noreferrer\">Solsystemsspelet<\/a><\/li>\n<\/ul>\n<p><strong>Verkstad 4: Detektiverna<\/strong><\/p>\n<ul>\n<li><a href=\"https:\/\/scratch.mit.edu\/projects\/129970903\/\" target=\"_blank\" rel=\"noopener noreferrer\">N\u00e4tkastspelet<\/a><\/li>\n<\/ul>\n<p><strong>Verkstad 5: Jordenruntresan<\/strong><\/p>\n<ul>\n<li><a href=\"https:\/\/scratch.mit.edu\/projects\/129978276\/\" target=\"_blank\" rel=\"noopener noreferrer\">Maskspelet<\/a><\/li>\n<\/ul>\n<p>Man f\u00e5r fr\u00e5ga efter hj\u00e4lp med Scratch i v\u00e5r <a href=\"https:\/\/scratch.mit.edu\/studios\/1501974\/\" target=\"_blank\" rel=\"noopener noreferrer\">Spelklinik<\/a>. Kliniken fungerar p\u00e5 finska men vi svarar g\u00e4rna ocks\u00e5 p\u00e5 svenska.<\/p>\n<h2>FLER UPPDRAG<\/h2>\n<p>Linkki erbjuder ocks\u00e5 m\u00e5nga mer spelinstruktioner. De finns p\u00e5 finska fr\u00e5n <a href=\"https:\/\/linkki.cs.helsinki.fi\/cgi-bin\/debbie-action-materiaalit?syn=&amp;ohjelmointikieli=Scratch\" target=\"_blank\" rel=\"noopener noreferrer\">Linkkis materialbank<\/a>. Vi rekommenderar t.ex.:<\/p>\n<ul>\n<li><a href=\"https:\/\/www.cs.helsinki.fi\/group\/linkki\/materiaali\/lapsiohjeet\/asteroidipuolustus\/asteroidipuolustus.pdf\" target=\"_blank\" rel=\"noopener noreferrer\">Asteroid-deffning<\/a><\/li>\n<li><a href=\"https:\/\/www.cs.helsinki.fi\/group\/linkki\/materiaali\/lapsiohjeet\/labyrintti\/labyrintti.pdf\" target=\"_blank\" rel=\"noopener noreferrer\">Labyrint<\/a><\/li>\n<li><a href=\"https:\/\/www.cs.helsinki.fi\/group\/linkki\/materiaali\/lapsiohjeet\/pong\/pong.pdf\">Pong<\/a><\/li>\n<li><a href=\"https:\/\/www.cs.helsinki.fi\/group\/linkki\/materiaali\/lapsiohjeet\/sukeltelupeli\/sukeltelupeli.pdf\">Dykarspel<\/a><\/li>\n<li>Det finns ocks\u00e5 <a href=\"https:\/\/www.youtube.com\/playlist?list=PLF0e-1FwDlz76HuPU4lzXVWwMGBxKIi2N\" target=\"_blank\" rel=\"noopener noreferrer\">instruktionvideor f\u00f6r Kluraklubb spel p\u00e5 finska i Youtube<\/a><\/li>\n<\/ul>\n<p>Uppdrag som kan g\u00f6ras utan datorer kan man hitta fr\u00e5n <a href=\"https:\/\/csunplugged.org\/en\/topics\/\">CS Unplugged<\/a> (p\u00e5 engelska).<\/p>\n","protected":false},"excerpt":{"rendered":"<p>SCRATCH-MODELLSPELEN FR\u00c5N HANDLEDARGUIDE Verkstad 1: Juveltjuv Fallet med rubinen Verkstad 2: Havs\u00e4ventyret Havsinsamlingen Verkstad 3: Astronomerna Solsystemsspelet Verkstad 4: Detektiverna N\u00e4tkastspelet Verkstad 5: Jordenruntresan Maskspelet Man f\u00e5r fr\u00e5ga efter hj\u00e4lp med Scratch i v\u00e5r Spelklinik. Kliniken fungerar p\u00e5 finska men vi svarar g\u00e4rna ocks\u00e5 p\u00e5 svenska. FLER UPPDRAG Linkki erbjuder ocks\u00e5 m\u00e5nga mer spelinstruktioner. De &hellip; <\/p>\n<p class=\"link-more\"><a href=\"https:\/\/pulmaario.luma.fi\/sv\/programmering-2\/\" class=\"more-link\">Forts\u00e4tt l\u00e4sa<span class=\"screen-reader-text\"> \u201dProgrammering\u201d<\/span><\/a><\/p>\n","protected":false},"author":2,"featured_media":0,"parent":0,"menu_order":0,"comment_status":"closed","ping_status":"closed","template":"","meta":{"footnotes":""},"class_list":["post-22","page","type-page","status-publish","hentry"],"_links":{"self":[{"href":"https:\/\/pulmaario.luma.fi\/sv\/wp-json\/wp\/v2\/pages\/22","targetHints":{"allow":["GET"]}}],"collection":[{"href":"https:\/\/pulmaario.luma.fi\/sv\/wp-json\/wp\/v2\/pages"}],"about":[{"href":"https:\/\/pulmaario.luma.fi\/sv\/wp-json\/wp\/v2\/types\/page"}],"author":[{"embeddable":true,"href":"https:\/\/pulmaario.luma.fi\/sv\/wp-json\/wp\/v2\/users\/2"}],"replies":[{"embeddable":true,"href":"https:\/\/pulmaario.luma.fi\/sv\/wp-json\/wp\/v2\/comments?post=22"}],"version-history":[{"count":1,"href":"https:\/\/pulmaario.luma.fi\/sv\/wp-json\/wp\/v2\/pages\/22\/revisions"}],"predecessor-version":[{"id":96,"href":"https:\/\/pulmaario.luma.fi\/sv\/wp-json\/wp\/v2\/pages\/22\/revisions\/96"}],"wp:attachment":[{"href":"https:\/\/pulmaario.luma.fi\/sv\/wp-json\/wp\/v2\/media?parent=22"}],"curies":[{"name":"wp","href":"https:\/\/api.w.org\/{rel}","templated":true}]}}