{"id":2,"date":"2017-02-22T11:26:52","date_gmt":"2017-02-22T11:26:52","guid":{"rendered":"http:\/\/pulmaario.luma.fi\/sv\/?page_id=2"},"modified":"2017-11-16T11:09:27","modified_gmt":"2017-11-16T09:09:27","slug":"hemsida","status":"publish","type":"page","link":"https:\/\/pulmaario.luma.fi\/sv\/","title":{"rendered":"Hemsida"},"content":{"rendered":"<h2>V\u00c4LKOMMEN<\/h2>\n<p><span style=\"font-weight: 400;\">Kluraklubb \u00e4r en verkstadhelhet av funktionell matematik och programmering. Den \u00e4r gjord f\u00f6r 9-13 -\u00e5riga barn och unga. P\u00e5 de h\u00e4r sidorna finns Kluraklubbens handledarguide samt till\u00e4ggsmaterial som man kan anv\u00e4nda n\u00e4r man organiserar verkst\u00e4der. Kluraklubb-verkst\u00e4derna \u00e4r ett intressant s\u00e4tt att greppa matematik och programmering, och man beh\u00f6ver inte tidigare erfarenhet.<\/span><\/p>\n<p><span style=\"font-weight: 400;\">Kluraklubb h\u00e4rstammar fr\u00e5n ett gemensamt projekt mellan Helmet-biblioteken, dvs. Esbo, Helsingfors, Grankulla och Vanda stadsbibliotek, och <a href=\"http:\/\/www.helsinki.fi\/vetenskapsfostran\">Helsingfors universitets vetenskapsutbildningscentrum<\/a>. Projektet finansierades av undervisnings- och kulturministeriet. Deltagande bibliotek fanns det fr\u00e5n varje Helmet-kommun.<\/span><\/p>\n<p><span style=\"font-weight: 400;\">Vi \u00f6nskar er glada stunder med matematik och programmering!<\/span><\/p>\n<p><a href=\"http:\/\/pulmaario.luma.fi\/sv\/files\/2017\/02\/logot-sv.png\"><img loading=\"lazy\" decoding=\"async\" class=\"alignnone wp-image-58 size-full\" src=\"http:\/\/pulmaario.luma.fi\/sv\/files\/2017\/02\/logot-sv.png\" alt=\"Logotyper f\u00f6r Kluraklubbens samarbetspartnerna Helmet, LUMA Center Finland, Summamutikka, Linkki och Undervisnings- och kulturministeriet.\" width=\"3200\" height=\"1600\" srcset=\"https:\/\/pulmaario.luma.fi\/sv\/files\/2017\/02\/logot-sv.png 3200w, https:\/\/pulmaario.luma.fi\/sv\/files\/2017\/02\/logot-sv-300x150.png 300w, https:\/\/pulmaario.luma.fi\/sv\/files\/2017\/02\/logot-sv-768x384.png 768w, https:\/\/pulmaario.luma.fi\/sv\/files\/2017\/02\/logot-sv-1024x512.png 1024w\" sizes=\"auto, (max-width: 706px) 89vw, (max-width: 767px) 82vw, 740px\" \/><\/a><\/p>\n","protected":false},"excerpt":{"rendered":"<p>V\u00c4LKOMMEN Kluraklubb \u00e4r en verkstadhelhet av funktionell matematik och programmering. Den \u00e4r gjord f\u00f6r 9-13 -\u00e5riga barn och unga. P\u00e5 de h\u00e4r sidorna finns Kluraklubbens handledarguide samt till\u00e4ggsmaterial som man kan anv\u00e4nda n\u00e4r man organiserar verkst\u00e4der. Kluraklubb-verkst\u00e4derna \u00e4r ett intressant s\u00e4tt att greppa matematik och programmering, och man beh\u00f6ver inte tidigare erfarenhet. Kluraklubb h\u00e4rstammar fr\u00e5n &hellip; <\/p>\n<p class=\"link-more\"><a href=\"https:\/\/pulmaario.luma.fi\/sv\/\" class=\"more-link\">Forts\u00e4tt l\u00e4sa<span class=\"screen-reader-text\"> \u201dHemsida\u201d<\/span><\/a><\/p>\n","protected":false},"author":1,"featured_media":0,"parent":0,"menu_order":0,"comment_status":"closed","ping_status":"open","template":"","meta":{"footnotes":""},"class_list":["post-2","page","type-page","status-publish","hentry"],"_links":{"self":[{"href":"https:\/\/pulmaario.luma.fi\/sv\/wp-json\/wp\/v2\/pages\/2","targetHints":{"allow":["GET"]}}],"collection":[{"href":"https:\/\/pulmaario.luma.fi\/sv\/wp-json\/wp\/v2\/pages"}],"about":[{"href":"https:\/\/pulmaario.luma.fi\/sv\/wp-json\/wp\/v2\/types\/page"}],"author":[{"embeddable":true,"href":"https:\/\/pulmaario.luma.fi\/sv\/wp-json\/wp\/v2\/users\/1"}],"replies":[{"embeddable":true,"href":"https:\/\/pulmaario.luma.fi\/sv\/wp-json\/wp\/v2\/comments?post=2"}],"version-history":[{"count":0,"href":"https:\/\/pulmaario.luma.fi\/sv\/wp-json\/wp\/v2\/pages\/2\/revisions"}],"wp:attachment":[{"href":"https:\/\/pulmaario.luma.fi\/sv\/wp-json\/wp\/v2\/media?parent=2"}],"curies":[{"name":"wp","href":"https:\/\/api.w.org\/{rel}","templated":true}]}}