{"id":17,"date":"2017-03-02T14:00:51","date_gmt":"2017-03-02T12:00:51","guid":{"rendered":"http:\/\/pulmaario.luma.fi\/sv\/?page_id=17"},"modified":"2021-01-27T14:05:08","modified_gmt":"2021-01-27T12:05:08","slug":"handledarguide","status":"publish","type":"page","link":"https:\/\/pulmaario.luma.fi\/sv\/handledarguide\/","title":{"rendered":"Handledarguide"},"content":{"rendered":"<ul>\n<li><a href=\"https:\/\/www.cs.helsinki.fi\/group\/linkki\/materiaali\/pulmaario\/handledarguide\/Kluraklubb_handledarguide.pdf\" target=\"_blank\" rel=\"noopener noreferrer\">Kluraklubb handledarguide<\/a> (Scratch 3.0)<\/li>\n<\/ul>\n<ul>\n<li><a href=\"https:\/\/www.cs.helsinki.fi\/group\/linkki\/materiaali\/pulmaario\/handledarguide\/Kluraklubbdiplom.pdf\" target=\"_blank\" rel=\"noopener noreferrer\">Diplom \u00e5t deltagare<\/a><\/li>\n<\/ul>\n<ul>\n<li><a href=\"https:\/\/docs.google.com\/presentation\/d\/1jKugi4CJ6LPGRfajl4ZwusnTbTTBmN8eXT_gClWdKQ0\/edit?usp=sharing\" target=\"_blank\" rel=\"noopener noreferrer\">Kluraklubb-presentation<\/a><\/li>\n<\/ul>\n<p>Handledarguiden inneh\u00e5ller uppdrag i matematik och programmering \u00e5t en instrukt\u00f6r. Guiden passar till en nyb\u00f6rjare.<\/p>\n<p>Handledarguiden \u00e4r licenserad med Creative Commons BY-NC-SA-licens.<\/p>\n<hr \/>\n<p>Man kan ocks\u00e5 ladda ner den f\u00f6rsta upplagan av Kluraklubb handledarguide. Den fungerar ihop med den \u00e4ldre Scratch 2.0:<\/p>\n<ul class=\"ul1\">\n<li class=\"li2\"><span class=\"s2\"><a href=\"https:\/\/www.cs.helsinki.fi\/group\/linkki\/materiaali\/pulmaario\/handledarguide\/Kluraklubb_handledarguide_ver1.pdf\" target=\"_blank\" rel=\"noopener noreferrer\">Kluraklubb handledarguide<\/a><\/span><span class=\"s4\">\u00a0(Scratch 2.0)<\/span><\/li>\n<\/ul>\n","protected":false},"excerpt":{"rendered":"<p>Kluraklubb handledarguide (Scratch 3.0) Diplom \u00e5t deltagare Kluraklubb-presentation Handledarguiden inneh\u00e5ller uppdrag i matematik och programmering \u00e5t en instrukt\u00f6r. Guiden passar till en nyb\u00f6rjare. Handledarguiden \u00e4r licenserad med Creative Commons BY-NC-SA-licens. Man kan ocks\u00e5 ladda ner den f\u00f6rsta upplagan av Kluraklubb handledarguide. Den fungerar ihop med den \u00e4ldre Scratch 2.0: Kluraklubb handledarguide\u00a0(Scratch 2.0)<\/p>\n","protected":false},"author":2,"featured_media":0,"parent":0,"menu_order":0,"comment_status":"closed","ping_status":"closed","template":"","meta":{"footnotes":""},"class_list":["post-17","page","type-page","status-publish","hentry"],"_links":{"self":[{"href":"https:\/\/pulmaario.luma.fi\/sv\/wp-json\/wp\/v2\/pages\/17","targetHints":{"allow":["GET"]}}],"collection":[{"href":"https:\/\/pulmaario.luma.fi\/sv\/wp-json\/wp\/v2\/pages"}],"about":[{"href":"https:\/\/pulmaario.luma.fi\/sv\/wp-json\/wp\/v2\/types\/page"}],"author":[{"embeddable":true,"href":"https:\/\/pulmaario.luma.fi\/sv\/wp-json\/wp\/v2\/users\/2"}],"replies":[{"embeddable":true,"href":"https:\/\/pulmaario.luma.fi\/sv\/wp-json\/wp\/v2\/comments?post=17"}],"version-history":[{"count":2,"href":"https:\/\/pulmaario.luma.fi\/sv\/wp-json\/wp\/v2\/pages\/17\/revisions"}],"predecessor-version":[{"id":97,"href":"https:\/\/pulmaario.luma.fi\/sv\/wp-json\/wp\/v2\/pages\/17\/revisions\/97"}],"wp:attachment":[{"href":"https:\/\/pulmaario.luma.fi\/sv\/wp-json\/wp\/v2\/media?parent=17"}],"curies":[{"name":"wp","href":"https:\/\/api.w.org\/{rel}","templated":true}]}}