{"id":15,"date":"2017-03-02T14:00:41","date_gmt":"2017-03-02T12:00:41","guid":{"rendered":"http:\/\/pulmaario.luma.fi\/sv\/?page_id=15"},"modified":"2017-03-02T14:22:08","modified_gmt":"2017-03-02T12:22:08","slug":"matematik","status":"publish","type":"page","link":"https:\/\/pulmaario.luma.fi\/sv\/matematik\/","title":{"rendered":"Matematik"},"content":{"rendered":"<h2>MATERIAL F\u00d6R DE MATEMATISKA UPPGRADEN I GUIDEN<\/h2>\n<p><strong>Verkstad 1: Volymutmaningen<\/strong><\/p>\n<ul>\n<li><a href=\"https:\/\/www.cs.helsinki.fi\/group\/linkki\/materiaali\/pulmaario\/handledarguide\/Volymutmaning.pdf\" target=\"_blank\">volymutmaning-papper<\/a><\/li>\n<\/ul>\n<p><strong>Verkstad 2: S\u00e4nka skepp<\/strong><\/p>\n<ul>\n<li><a href=\"https:\/\/www.cs.helsinki.fi\/group\/linkki\/materiaali\/pulmaario\/handledarguide\/Sanka_skepp.pdf\" target=\"_blank\">s\u00e4nka skepp -spelplan<\/a><\/li>\n<\/ul>\n<p><strong>Verkstad 3: Mystiska objekt<\/strong><\/p>\n<ul>\n<li><a href=\"https:\/\/www.youtube.com\/playlist?list=PLEPhdRNnAKPtwrUQQ3B3J-EpgBX7xN7Ie\" target=\"_blank\">skuggbildsvideor<\/a><\/li>\n<li><a href=\"https:\/\/www.cs.helsinki.fi\/group\/linkki\/materiaali\/pulmaario\/handledarguide\/Tetraeder.pdf\" target=\"_blank\">pysselmall f\u00f6r tetraeder<\/a><\/li>\n<li><a href=\"https:\/\/www.cs.helsinki.fi\/group\/linkki\/materiaali\/pulmaario\/handledarguide\/Hexaeder.pdf\" target=\"_blank\">pysselmall f\u00f6r hexaeder det vill s\u00e4ga kub<\/a><\/li>\n<li><a href=\"https:\/\/www.cs.helsinki.fi\/group\/linkki\/materiaali\/pulmaario\/handledarguide\/Oktaeder.pdf\" target=\"_blank\">pysselmall f\u00f6r oktaeder<\/a><\/li>\n<\/ul>\n<p><strong>Verkstad 4: Krypterade meddelanden<\/strong><\/p>\n<ul>\n<li><a href=\"https:\/\/www.cs.helsinki.fi\/group\/linkki\/materiaali\/pulmaario\/handledarguide\/Krypteringsskiva.pdf\" target=\"_blank\">krypteringsskiva<\/a><\/li>\n<li><a href=\"https:\/\/www.cs.helsinki.fi\/group\/linkki\/materiaali\/pulmaario\/handledarguide\/Krypterade_meddelanden.pdf\" target=\"_blank\">krypterade meddelanden 1 och 2 samt svaren<\/a><\/li>\n<\/ul>\n<h2>FLER UPPDRAG<\/h2>\n<p>Summamutikka erbjuder p\u00e5 m\u00e5nga fler uppdrag om matematik. De finns p\u00e5 finska fr\u00e5n <a href=\"http:\/\/blogs.helsinki.fi\/summamutikka\/\" target=\"_blank\">blogs.helsinki.fi\/summamutikka<\/a>. Vi rekommenderar t.ex.:<\/p>\n<ul>\n<li><a href=\"http:\/\/blogs.helsinki.fi\/summamutikka\/hanoin-torni\/\" target=\"_blank\">Tornen i Hanoi<\/a><\/li>\n<li><a href=\"http:\/\/blogs.helsinki.fi\/summamutikka\/pentamino\/\" target=\"_blank\">Pentamino<\/a><\/li>\n<li><a href=\"http:\/\/blogs.helsinki.fi\/summamutikka\/sammakot\/\" target=\"_blank\">Sm\u00e5 grodorna<\/a><\/li>\n<li><a href=\"http:\/\/blogs.helsinki.fi\/summamutikka\/pilvenpiirtajat\/\" target=\"_blank\">Skyskraporna<\/a><\/li>\n<li><a href=\"http:\/\/blogs.helsinki.fi\/summamutikka\/susi-lammas-ja-kaali-2\/\" target=\"_blank\">Varg, f\u00e5r, k\u00e5l<\/a><\/li>\n<\/ul>\n","protected":false},"excerpt":{"rendered":"<p>MATERIAL F\u00d6R DE MATEMATISKA UPPGRADEN I GUIDEN Verkstad 1: Volymutmaningen volymutmaning-papper Verkstad 2: S\u00e4nka skepp s\u00e4nka skepp -spelplan Verkstad 3: Mystiska objekt skuggbildsvideor pysselmall f\u00f6r tetraeder pysselmall f\u00f6r hexaeder det vill s\u00e4ga kub pysselmall f\u00f6r oktaeder Verkstad 4: Krypterade meddelanden krypteringsskiva krypterade meddelanden 1 och 2 samt svaren FLER UPPDRAG Summamutikka erbjuder p\u00e5 m\u00e5nga fler &hellip; <\/p>\n<p class=\"link-more\"><a href=\"https:\/\/pulmaario.luma.fi\/sv\/matematik\/\" class=\"more-link\">Forts\u00e4tt l\u00e4sa<span class=\"screen-reader-text\"> \u201dMatematik\u201d<\/span><\/a><\/p>\n","protected":false},"author":2,"featured_media":0,"parent":0,"menu_order":0,"comment_status":"closed","ping_status":"closed","template":"","meta":{"footnotes":""},"class_list":["post-15","page","type-page","status-publish","hentry"],"_links":{"self":[{"href":"https:\/\/pulmaario.luma.fi\/sv\/wp-json\/wp\/v2\/pages\/15","targetHints":{"allow":["GET"]}}],"collection":[{"href":"https:\/\/pulmaario.luma.fi\/sv\/wp-json\/wp\/v2\/pages"}],"about":[{"href":"https:\/\/pulmaario.luma.fi\/sv\/wp-json\/wp\/v2\/types\/page"}],"author":[{"embeddable":true,"href":"https:\/\/pulmaario.luma.fi\/sv\/wp-json\/wp\/v2\/users\/2"}],"replies":[{"embeddable":true,"href":"https:\/\/pulmaario.luma.fi\/sv\/wp-json\/wp\/v2\/comments?post=15"}],"version-history":[{"count":0,"href":"https:\/\/pulmaario.luma.fi\/sv\/wp-json\/wp\/v2\/pages\/15\/revisions"}],"wp:attachment":[{"href":"https:\/\/pulmaario.luma.fi\/sv\/wp-json\/wp\/v2\/media?parent=15"}],"curies":[{"name":"wp","href":"https:\/\/api.w.org\/{rel}","templated":true}]}}